{"id":350,"date":"2023-11-03T13:52:44","date_gmt":"2023-11-03T13:52:44","guid":{"rendered":"https:\/\/ler.fica.unsl.edu.ar\/?page_id=350"},"modified":"2025-10-01T15:14:16","modified_gmt":"2025-10-01T15:14:16","slug":"rem-fica","status":"publish","type":"page","link":"https:\/\/ler.fica.unsl.edu.ar\/index.php\/rem-fica\/","title":{"rendered":"REMA &#8211; FICA"},"content":{"rendered":"\t\t<div data-elementor-type=\"wp-post\" data-elementor-id=\"350\" class=\"elementor elementor-350\">\n\t\t\t\t\t\t<section class=\"elementor-section elementor-top-section elementor-element elementor-element-cbbf8a7 elementor-section-boxed elementor-section-height-default elementor-section-height-default\" data-id=\"cbbf8a7\" data-element_type=\"section\">\n\t\t\t\t\t\t<div class=\"elementor-container elementor-column-gap-default\">\n\t\t\t\t\t<div class=\"elementor-column elementor-col-100 elementor-top-column elementor-element elementor-element-461f91e\" data-id=\"461f91e\" data-element_type=\"column\">\n\t\t\t<div class=\"elementor-widget-wrap elementor-element-populated\">\n\t\t\t\t\t\t<section class=\"elementor-section elementor-inner-section elementor-element elementor-element-d805bda elementor-section-boxed elementor-section-height-default elementor-section-height-default\" data-id=\"d805bda\" data-element_type=\"section\">\n\t\t\t\t\t\t<div class=\"elementor-container elementor-column-gap-default\">\n\t\t\t\t\t<div class=\"elementor-column elementor-col-50 elementor-inner-column elementor-element elementor-element-cd4639f\" data-id=\"cd4639f\" data-element_type=\"column\">\n\t\t\t<div class=\"elementor-widget-wrap elementor-element-populated\">\n\t\t\t\t\t\t<div class=\"elementor-element elementor-element-9340672 elementor-widget elementor-widget-heading\" data-id=\"9340672\" data-element_type=\"widget\" data-widget_type=\"heading.default\">\n\t\t\t\t<div class=\"elementor-widget-container\">\n\t\t\t\t\t<h2 class=\"elementor-heading-title elementor-size-default\">REMA - FICA<\/h2>\t\t\t\t<\/div>\n\t\t\t\t<\/div>\n\t\t\t\t<div class=\"elementor-element elementor-element-d409d89 elementor-widget elementor-widget-text-editor\" data-id=\"d409d89\" data-element_type=\"widget\" data-widget_type=\"text-editor.default\">\n\t\t\t\t<div class=\"elementor-widget-container\">\n\t\t\t\t\t\t\t\t\t<p>Red de Centrales Meterorol\u00f3gicas Autom\u00e1ticas de la Facultad de Ingenier\u00eda y Ciencias Agropecuarias.<\/p>\t\t\t\t\t\t\t\t<\/div>\n\t\t\t\t<\/div>\n\t\t\t\t\t<\/div>\n\t\t<\/div>\n\t\t\t\t<div class=\"elementor-column elementor-col-50 elementor-inner-column elementor-element elementor-element-7153290\" data-id=\"7153290\" data-element_type=\"column\">\n\t\t\t<div class=\"elementor-widget-wrap elementor-element-populated\">\n\t\t\t\t\t\t<div class=\"elementor-element elementor-element-84087c6 elementor-widget elementor-widget-image\" data-id=\"84087c6\" data-element_type=\"widget\" data-widget_type=\"image.default\">\n\t\t\t\t<div class=\"elementor-widget-container\">\n\t\t\t\t\t\t\t\t\t\t\t\t\t\t\t<img fetchpriority=\"high\" decoding=\"async\" width=\"843\" height=\"474\" src=\"https:\/\/ler.fica.unsl.edu.ar\/wp-content\/uploads\/2023\/09\/Diapositiva22-1024x576.png\" class=\"attachment-large size-large wp-image-249\" alt=\"\" srcset=\"https:\/\/ler.fica.unsl.edu.ar\/wp-content\/uploads\/2023\/09\/Diapositiva22-1024x576.png 1024w, https:\/\/ler.fica.unsl.edu.ar\/wp-content\/uploads\/2023\/09\/Diapositiva22-300x169.png 300w, https:\/\/ler.fica.unsl.edu.ar\/wp-content\/uploads\/2023\/09\/Diapositiva22-768x432.png 768w, https:\/\/ler.fica.unsl.edu.ar\/wp-content\/uploads\/2023\/09\/Diapositiva22.png 1280w\" sizes=\"(max-width: 843px) 100vw, 843px\" \/>\t\t\t\t\t\t\t\t\t\t\t\t\t\t\t<\/div>\n\t\t\t\t<\/div>\n\t\t\t\t\t<\/div>\n\t\t<\/div>\n\t\t\t\t\t<\/div>\n\t\t<\/section>\n\t\t\t\t\t<\/div>\n\t\t<\/div>\n\t\t\t\t\t<\/div>\n\t\t<\/section>\n\t\t\t\t<section class=\"elementor-section elementor-top-section elementor-element elementor-element-77e456b elementor-section-boxed elementor-section-height-default elementor-section-height-default\" data-id=\"77e456b\" data-element_type=\"section\">\n\t\t\t\t\t\t<div class=\"elementor-container elementor-column-gap-default\">\n\t\t\t\t\t<div class=\"elementor-column elementor-col-100 elementor-top-column elementor-element elementor-element-315f3be\" data-id=\"315f3be\" data-element_type=\"column\">\n\t\t\t<div class=\"elementor-widget-wrap elementor-element-populated\">\n\t\t\t\t\t\t<section class=\"elementor-section elementor-inner-section elementor-element elementor-element-deda7e9 elementor-section-boxed elementor-section-height-default elementor-section-height-default\" data-id=\"deda7e9\" data-element_type=\"section\" data-settings=\"{&quot;background_background&quot;:&quot;classic&quot;}\">\n\t\t\t\t\t\t<div class=\"elementor-container elementor-column-gap-default\">\n\t\t\t\t\t<div class=\"elementor-column elementor-col-33 elementor-inner-column elementor-element elementor-element-6270fbb\" data-id=\"6270fbb\" data-element_type=\"column\">\n\t\t\t<div class=\"elementor-widget-wrap elementor-element-populated\">\n\t\t\t\t\t\t<div class=\"elementor-element elementor-element-2f592b9 elementor-widget elementor-widget-image\" data-id=\"2f592b9\" data-element_type=\"widget\" data-widget_type=\"image.default\">\n\t\t\t\t<div class=\"elementor-widget-container\">\n\t\t\t\t\t\t\t\t\t\t\t\t\t\t\t\t<a href=\"https:\/\/ler.fica.unsl.edu.ar\/index.php\/cm-agronomia\/\">\n\t\t\t\t\t\t\t<img decoding=\"async\" width=\"843\" height=\"505\" src=\"https:\/\/ler.fica.unsl.edu.ar\/wp-content\/uploads\/2024\/12\/CM-Agro-1024x613.jpg\" class=\"elementor-animation-buzz-out attachment-large size-large wp-image-377\" alt=\"\" srcset=\"https:\/\/ler.fica.unsl.edu.ar\/wp-content\/uploads\/2024\/12\/CM-Agro-1024x613.jpg 1024w, https:\/\/ler.fica.unsl.edu.ar\/wp-content\/uploads\/2024\/12\/CM-Agro-300x180.jpg 300w, https:\/\/ler.fica.unsl.edu.ar\/wp-content\/uploads\/2024\/12\/CM-Agro-768x460.jpg 768w, https:\/\/ler.fica.unsl.edu.ar\/wp-content\/uploads\/2024\/12\/CM-Agro.jpg 1203w\" sizes=\"(max-width: 843px) 100vw, 843px\" \/>\t\t\t\t\t\t\t\t<\/a>\n\t\t\t\t\t\t\t\t\t\t\t\t\t\t\t<\/div>\n\t\t\t\t<\/div>\n\t\t\t\t<div class=\"elementor-element elementor-element-aebf6d8 elementor-widget elementor-widget-heading\" data-id=\"aebf6d8\" data-element_type=\"widget\" data-widget_type=\"heading.default\">\n\t\t\t\t<div class=\"elementor-widget-container\">\n\t\t\t\t\t<h2 class=\"elementor-heading-title elementor-size-default\"><a href=\"https:\/\/ler.fica.unsl.edu.ar\/index.php\/cm-agronomia\/\">Datos online \nCentral Agrometeorol\u00f3gica <br>Campus FICA<\/a><\/h2>\t\t\t\t<\/div>\n\t\t\t\t<\/div>\n\t\t\t\t\t<\/div>\n\t\t<\/div>\n\t\t\t\t<div class=\"elementor-column elementor-col-33 elementor-inner-column elementor-element elementor-element-32a445c\" data-id=\"32a445c\" data-element_type=\"column\">\n\t\t\t<div class=\"elementor-widget-wrap elementor-element-populated\">\n\t\t\t\t\t\t<div class=\"elementor-element elementor-element-173848b elementor-widget elementor-widget-image\" data-id=\"173848b\" data-element_type=\"widget\" data-widget_type=\"image.default\">\n\t\t\t\t<div class=\"elementor-widget-container\">\n\t\t\t\t\t\t\t\t\t\t\t\t\t\t\t\t<a href=\"https:\/\/ler.fica.unsl.edu.ar\/index.php\/cm-ftu-merlo\/\">\n\t\t\t\t\t\t\t<img decoding=\"async\" width=\"843\" height=\"505\" src=\"https:\/\/ler.fica.unsl.edu.ar\/wp-content\/uploads\/2024\/12\/CM-FTU-Merlo-1024x613.jpg\" class=\"elementor-animation-buzz-out attachment-large size-large wp-image-376\" alt=\"\" srcset=\"https:\/\/ler.fica.unsl.edu.ar\/wp-content\/uploads\/2024\/12\/CM-FTU-Merlo-1024x613.jpg 1024w, https:\/\/ler.fica.unsl.edu.ar\/wp-content\/uploads\/2024\/12\/CM-FTU-Merlo-300x180.jpg 300w, https:\/\/ler.fica.unsl.edu.ar\/wp-content\/uploads\/2024\/12\/CM-FTU-Merlo-768x460.jpg 768w, https:\/\/ler.fica.unsl.edu.ar\/wp-content\/uploads\/2024\/12\/CM-FTU-Merlo.jpg 1202w\" sizes=\"(max-width: 843px) 100vw, 843px\" \/>\t\t\t\t\t\t\t\t<\/a>\n\t\t\t\t\t\t\t\t\t\t\t\t\t\t\t<\/div>\n\t\t\t\t<\/div>\n\t\t\t\t<div class=\"elementor-element elementor-element-34f9862 elementor-widget elementor-widget-heading\" data-id=\"34f9862\" data-element_type=\"widget\" data-widget_type=\"heading.default\">\n\t\t\t\t<div class=\"elementor-widget-container\">\n\t\t\t\t\t<h2 class=\"elementor-heading-title elementor-size-default\"><a href=\"https:\/\/ler.fica.unsl.edu.ar\/index.php\/cm-ftu-merlo\/\">Datos online \nCentral Meteorol\u00f3gica <br>FTU - Merlo<\/a><\/h2>\t\t\t\t<\/div>\n\t\t\t\t<\/div>\n\t\t\t\t\t<\/div>\n\t\t<\/div>\n\t\t\t\t<div class=\"elementor-column elementor-col-33 elementor-inner-column elementor-element elementor-element-739b658\" data-id=\"739b658\" data-element_type=\"column\">\n\t\t\t<div class=\"elementor-widget-wrap elementor-element-populated\">\n\t\t\t\t\t\t<div class=\"elementor-element elementor-element-5be4035 elementor-widget elementor-widget-image\" data-id=\"5be4035\" data-element_type=\"widget\" data-widget_type=\"image.default\">\n\t\t\t\t<div class=\"elementor-widget-container\">\n\t\t\t\t\t\t\t\t\t\t\t\t\t\t\t\t<a href=\"https:\/\/ler.fica.unsl.edu.ar\/index.php\/dm-planta-destilacion\/\">\n\t\t\t\t\t\t\t<img loading=\"lazy\" decoding=\"async\" width=\"843\" height=\"505\" src=\"https:\/\/ler.fica.unsl.edu.ar\/wp-content\/uploads\/2024\/12\/CM-Planta-Destilacion-1024x613.jpg\" class=\"elementor-animation-buzz-out attachment-large size-large wp-image-382\" alt=\"\" srcset=\"https:\/\/ler.fica.unsl.edu.ar\/wp-content\/uploads\/2024\/12\/CM-Planta-Destilacion-1024x613.jpg 1024w, https:\/\/ler.fica.unsl.edu.ar\/wp-content\/uploads\/2024\/12\/CM-Planta-Destilacion-300x180.jpg 300w, https:\/\/ler.fica.unsl.edu.ar\/wp-content\/uploads\/2024\/12\/CM-Planta-Destilacion-768x460.jpg 768w, https:\/\/ler.fica.unsl.edu.ar\/wp-content\/uploads\/2024\/12\/CM-Planta-Destilacion.jpg 1203w\" sizes=\"(max-width: 843px) 100vw, 843px\" \/>\t\t\t\t\t\t\t\t<\/a>\n\t\t\t\t\t\t\t\t\t\t\t\t\t\t\t<\/div>\n\t\t\t\t<\/div>\n\t\t\t\t<div class=\"elementor-element elementor-element-f421e9b elementor-widget elementor-widget-heading\" data-id=\"f421e9b\" data-element_type=\"widget\" data-widget_type=\"heading.default\">\n\t\t\t\t<div class=\"elementor-widget-container\">\n\t\t\t\t\t<h2 class=\"elementor-heading-title elementor-size-default\"><a href=\"https:\/\/ler.fica.unsl.edu.ar\/index.php\/planta-destilacion\/\">Datos online \nCentral Meteorol\u00f3gica \nPlanta Destilaci\u00f3n FICA<\/a><\/h2>\t\t\t\t<\/div>\n\t\t\t\t<\/div>\n\t\t\t\t\t<\/div>\n\t\t<\/div>\n\t\t\t\t\t<\/div>\n\t\t<\/section>\n\t\t\t\t\t<\/div>\n\t\t<\/div>\n\t\t\t\t\t<\/div>\n\t\t<\/section>\n\t\t\t\t<\/div>\n\t\t","protected":false},"excerpt":{"rendered":"<p>REMA &#8211; FICA Red de Centrales Meterorol\u00f3gicas Autom\u00e1ticas de la Facultad de Ingenier\u00eda y Ciencias Agropecuarias. Datos online Central Agrometeorol\u00f3gica Campus FICA Datos online Central&hellip;<\/p>\n","protected":false},"author":1,"featured_media":0,"parent":0,"menu_order":0,"comment_status":"closed","ping_status":"closed","template":"","meta":{"footnotes":""},"class_list":["post-350","page","type-page","status-publish","hentry"],"_links":{"self":[{"href":"https:\/\/ler.fica.unsl.edu.ar\/index.php\/wp-json\/wp\/v2\/pages\/350","targetHints":{"allow":["GET"]}}],"collection":[{"href":"https:\/\/ler.fica.unsl.edu.ar\/index.php\/wp-json\/wp\/v2\/pages"}],"about":[{"href":"https:\/\/ler.fica.unsl.edu.ar\/index.php\/wp-json\/wp\/v2\/types\/page"}],"author":[{"embeddable":true,"href":"https:\/\/ler.fica.unsl.edu.ar\/index.php\/wp-json\/wp\/v2\/users\/1"}],"replies":[{"embeddable":true,"href":"https:\/\/ler.fica.unsl.edu.ar\/index.php\/wp-json\/wp\/v2\/comments?post=350"}],"version-history":[{"count":29,"href":"https:\/\/ler.fica.unsl.edu.ar\/index.php\/wp-json\/wp\/v2\/pages\/350\/revisions"}],"predecessor-version":[{"id":548,"href":"https:\/\/ler.fica.unsl.edu.ar\/index.php\/wp-json\/wp\/v2\/pages\/350\/revisions\/548"}],"wp:attachment":[{"href":"https:\/\/ler.fica.unsl.edu.ar\/index.php\/wp-json\/wp\/v2\/media?parent=350"}],"curies":[{"name":"wp","href":"https:\/\/api.w.org\/{rel}","templated":true}]}}