{"id":65,"date":"2023-09-01T15:29:42","date_gmt":"2023-09-01T15:29:42","guid":{"rendered":"https:\/\/ler.fica.unsl.edu.ar\/?page_id=65"},"modified":"2025-10-01T15:11:29","modified_gmt":"2025-10-01T15:11:29","slug":"inicio-2","status":"publish","type":"page","link":"https:\/\/ler.fica.unsl.edu.ar\/","title":{"rendered":"inicio"},"content":{"rendered":"\t\t<div data-elementor-type=\"wp-post\" data-elementor-id=\"65\" class=\"elementor elementor-65\">\n\t\t\t\t\t\t<section class=\"elementor-section elementor-top-section elementor-element elementor-element-cbbf8a7 elementor-section-boxed elementor-section-height-default elementor-section-height-default\" data-id=\"cbbf8a7\" data-element_type=\"section\">\n\t\t\t\t\t\t<div class=\"elementor-container elementor-column-gap-default\">\n\t\t\t\t\t<div class=\"elementor-column elementor-col-100 elementor-top-column elementor-element elementor-element-461f91e\" data-id=\"461f91e\" data-element_type=\"column\">\n\t\t\t<div class=\"elementor-widget-wrap elementor-element-populated\">\n\t\t\t\t\t\t<div class=\"elementor-element elementor-element-9340672 elementor-widget elementor-widget-heading\" data-id=\"9340672\" data-element_type=\"widget\" data-widget_type=\"heading.default\">\n\t\t\t\t<div class=\"elementor-widget-container\">\n\t\t\t\t\t<h2 class=\"elementor-heading-title elementor-size-default\">Bienvenidos al sitio oficial del LER<\/h2>\t\t\t\t<\/div>\n\t\t\t\t<\/div>\n\t\t\t\t<div class=\"elementor-element elementor-element-d409d89 elementor-widget elementor-widget-text-editor\" data-id=\"d409d89\" data-element_type=\"widget\" data-widget_type=\"text-editor.default\">\n\t\t\t\t<div class=\"elementor-widget-container\">\n\t\t\t\t\t\t\t\t\t<p>El Laboratorio de Energ\u00edas Renovables cuenta con una amplia gama de \u00e1reas de trabajo relacionadas a las energ\u00edas renovables, a continuaci\u00f3n se presentan las principales:<\/p>\t\t\t\t\t\t\t\t<\/div>\n\t\t\t\t<\/div>\n\t\t\t\t<div class=\"elementor-element elementor-element-641a7f2 elementor-arrows-position-outside elementor-widget elementor-widget-image-carousel\" data-id=\"641a7f2\" data-element_type=\"widget\" data-settings=\"{&quot;slides_to_show&quot;:&quot;3&quot;,&quot;slides_to_scroll&quot;:&quot;1&quot;,&quot;navigation&quot;:&quot;arrows&quot;,&quot;image_spacing_custom&quot;:{&quot;unit&quot;:&quot;px&quot;,&quot;size&quot;:13,&quot;sizes&quot;:[]},&quot;slides_to_show_mobile&quot;:&quot;1&quot;,&quot;autoplay&quot;:&quot;yes&quot;,&quot;pause_on_hover&quot;:&quot;yes&quot;,&quot;pause_on_interaction&quot;:&quot;yes&quot;,&quot;autoplay_speed&quot;:5000,&quot;infinite&quot;:&quot;yes&quot;,&quot;speed&quot;:500,&quot;image_spacing_custom_tablet&quot;:{&quot;unit&quot;:&quot;px&quot;,&quot;size&quot;:&quot;&quot;,&quot;sizes&quot;:[]}}\" data-widget_type=\"image-carousel.default\">\n\t\t\t\t<div class=\"elementor-widget-container\">\n\t\t\t\t\t\t\t<div class=\"elementor-image-carousel-wrapper swiper\" role=\"region\" aria-roledescription=\"carousel\" aria-label=\"Carrusel de im\u00e1genes\" dir=\"ltr\">\n\t\t\t<div class=\"elementor-image-carousel swiper-wrapper\" aria-live=\"off\">\n\t\t\t\t\t\t\t\t<div class=\"swiper-slide\" role=\"group\" aria-roledescription=\"slide\" aria-label=\"1 of 8\"><figure class=\"swiper-slide-inner\"><img decoding=\"async\" class=\"swiper-slide-image\" src=\"https:\/\/ler.fica.unsl.edu.ar\/wp-content\/uploads\/2023\/09\/Diapositiva2.png\" alt=\"Diapositiva2\" \/><\/figure><\/div><div class=\"swiper-slide\" role=\"group\" aria-roledescription=\"slide\" aria-label=\"2 of 8\"><figure class=\"swiper-slide-inner\"><img decoding=\"async\" class=\"swiper-slide-image\" src=\"https:\/\/ler.fica.unsl.edu.ar\/wp-content\/uploads\/2023\/09\/Diapositiva6.png\" alt=\"Diapositiva6\" \/><\/figure><\/div><div class=\"swiper-slide\" role=\"group\" aria-roledescription=\"slide\" aria-label=\"3 of 8\"><figure class=\"swiper-slide-inner\"><img decoding=\"async\" class=\"swiper-slide-image\" src=\"https:\/\/ler.fica.unsl.edu.ar\/wp-content\/uploads\/2023\/09\/Diapositiva9.png\" alt=\"Diapositiva9\" \/><\/figure><\/div><div class=\"swiper-slide\" role=\"group\" aria-roledescription=\"slide\" aria-label=\"4 of 8\"><figure class=\"swiper-slide-inner\"><img decoding=\"async\" class=\"swiper-slide-image\" src=\"https:\/\/ler.fica.unsl.edu.ar\/wp-content\/uploads\/2023\/09\/Diapositiva26.png\" alt=\"Diapositiva26\" \/><\/figure><\/div><div class=\"swiper-slide\" role=\"group\" aria-roledescription=\"slide\" aria-label=\"5 of 8\"><figure class=\"swiper-slide-inner\"><img decoding=\"async\" class=\"swiper-slide-image\" src=\"https:\/\/ler.fica.unsl.edu.ar\/wp-content\/uploads\/2023\/09\/Diapositiva16.png\" alt=\"Diapositiva16\" \/><\/figure><\/div><div class=\"swiper-slide\" role=\"group\" aria-roledescription=\"slide\" aria-label=\"6 of 8\"><figure class=\"swiper-slide-inner\"><img decoding=\"async\" class=\"swiper-slide-image\" src=\"https:\/\/ler.fica.unsl.edu.ar\/wp-content\/uploads\/2023\/09\/Diapositiva14.png\" alt=\"Diapositiva14\" \/><\/figure><\/div><div class=\"swiper-slide\" role=\"group\" aria-roledescription=\"slide\" aria-label=\"7 of 8\"><figure class=\"swiper-slide-inner\"><img decoding=\"async\" class=\"swiper-slide-image\" src=\"https:\/\/ler.fica.unsl.edu.ar\/wp-content\/uploads\/2023\/09\/Diapositiva12.png\" alt=\"Diapositiva12\" \/><\/figure><\/div><div class=\"swiper-slide\" role=\"group\" aria-roledescription=\"slide\" aria-label=\"8 of 8\"><figure class=\"swiper-slide-inner\"><img decoding=\"async\" class=\"swiper-slide-image\" src=\"https:\/\/ler.fica.unsl.edu.ar\/wp-content\/uploads\/2023\/09\/procesamiento.png\" alt=\"procesamiento\" \/><\/figure><\/div>\t\t\t<\/div>\n\t\t\t\t\t\t\t\t\t\t\t\t<div class=\"elementor-swiper-button elementor-swiper-button-prev\" role=\"button\" tabindex=\"0\">\n\t\t\t\t\t\t<i aria-hidden=\"true\" class=\"eicon-chevron-left\"><\/i>\t\t\t\t\t<\/div>\n\t\t\t\t\t<div class=\"elementor-swiper-button elementor-swiper-button-next\" role=\"button\" tabindex=\"0\">\n\t\t\t\t\t\t<i aria-hidden=\"true\" class=\"eicon-chevron-right\"><\/i>\t\t\t\t\t<\/div>\n\t\t\t\t\n\t\t\t\t\t\t\t\t\t<\/div>\n\t\t\t\t\t\t<\/div>\n\t\t\t\t<\/div>\n\t\t\t\t<section class=\"elementor-section elementor-inner-section elementor-element elementor-element-713f18a elementor-section-boxed elementor-section-height-default elementor-section-height-default\" data-id=\"713f18a\" data-element_type=\"section\">\n\t\t\t\t\t\t\t<div class=\"elementor-background-overlay\"><\/div>\n\t\t\t\t\t\t\t<div class=\"elementor-container elementor-column-gap-default\">\n\t\t\t\t\t<div class=\"elementor-column elementor-col-50 elementor-inner-column elementor-element elementor-element-658d590\" data-id=\"658d590\" data-element_type=\"column\" data-settings=\"{&quot;background_background&quot;:&quot;classic&quot;}\">\n\t\t\t<div class=\"elementor-widget-wrap elementor-element-populated\">\n\t\t\t\t\t\t<div class=\"elementor-element elementor-element-1dce159 elementor-view-default elementor-widget elementor-widget-icon\" data-id=\"1dce159\" data-element_type=\"widget\" data-widget_type=\"icon.default\">\n\t\t\t\t<div class=\"elementor-widget-container\">\n\t\t\t\t\t\t\t<div class=\"elementor-icon-wrapper\">\n\t\t\t<div class=\"elementor-icon\">\n\t\t\t<i aria-hidden=\"true\" class=\"fas fa-tag\"><\/i>\t\t\t<\/div>\n\t\t<\/div>\n\t\t\t\t\t\t<\/div>\n\t\t\t\t<\/div>\n\t\t\t\t<div class=\"elementor-element elementor-element-4e83d7a elementor-widget elementor-widget-text-editor\" data-id=\"4e83d7a\" data-element_type=\"widget\" data-widget_type=\"text-editor.default\">\n\t\t\t\t<div class=\"elementor-widget-container\">\n\t\t\t\t\t\t\t\t\t<p>Proponemos mejoras a equipos existentes y dise\u00f1os nuevos de dispositivos no convencionales para el aprovechamiento de energ\u00edas renovables, solar y e\u00f3lica, sobre la base del an\u00e1lisis del conocimiento cient\u00edfico y de la evidencia emp\u00edrica obtenida con la adquisici\u00f3n y procesamiento de datos provenientes de equipos comerciales y de prototipos construidos con fines de estudio, mediante tecnolog\u00edas 4.0.<\/p>\t\t\t\t\t\t\t\t<\/div>\n\t\t\t\t<\/div>\n\t\t\t\t\t<\/div>\n\t\t<\/div>\n\t\t\t\t<div class=\"elementor-column elementor-col-50 elementor-inner-column elementor-element elementor-element-c0542c9\" data-id=\"c0542c9\" data-element_type=\"column\">\n\t\t\t<div class=\"elementor-widget-wrap elementor-element-populated\">\n\t\t\t\t\t\t<div class=\"elementor-element elementor-element-c5a1d39 elementor-arrows-position-inside elementor-widget elementor-widget-image-carousel\" data-id=\"c5a1d39\" data-element_type=\"widget\" data-settings=\"{&quot;slides_to_show&quot;:&quot;1&quot;,&quot;navigation&quot;:&quot;arrows&quot;,&quot;autoplay&quot;:&quot;yes&quot;,&quot;pause_on_hover&quot;:&quot;yes&quot;,&quot;pause_on_interaction&quot;:&quot;yes&quot;,&quot;autoplay_speed&quot;:5000,&quot;infinite&quot;:&quot;yes&quot;,&quot;effect&quot;:&quot;slide&quot;,&quot;speed&quot;:500}\" data-widget_type=\"image-carousel.default\">\n\t\t\t\t<div class=\"elementor-widget-container\">\n\t\t\t\t\t\t\t<div class=\"elementor-image-carousel-wrapper swiper\" role=\"region\" aria-roledescription=\"carousel\" aria-label=\"Carrusel de im\u00e1genes\" dir=\"ltr\">\n\t\t\t<div class=\"elementor-image-carousel swiper-wrapper\" aria-live=\"off\">\n\t\t\t\t\t\t\t\t<div class=\"swiper-slide\" role=\"group\" aria-roledescription=\"slide\" aria-label=\"1 of 14\"><figure class=\"swiper-slide-inner\"><img decoding=\"async\" class=\"swiper-slide-image\" src=\"https:\/\/ler.fica.unsl.edu.ar\/wp-content\/uploads\/2023\/09\/Diapositiva8.png\" alt=\"Diapositiva8\" \/><\/figure><\/div><div class=\"swiper-slide\" role=\"group\" aria-roledescription=\"slide\" aria-label=\"2 of 14\"><figure class=\"swiper-slide-inner\"><img decoding=\"async\" class=\"swiper-slide-image\" src=\"https:\/\/ler.fica.unsl.edu.ar\/wp-content\/uploads\/2023\/09\/Diapositiva21.png\" alt=\"Diapositiva21\" \/><\/figure><\/div><div class=\"swiper-slide\" role=\"group\" aria-roledescription=\"slide\" aria-label=\"3 of 14\"><figure class=\"swiper-slide-inner\"><img decoding=\"async\" class=\"swiper-slide-image\" src=\"https:\/\/ler.fica.unsl.edu.ar\/wp-content\/uploads\/2023\/09\/Diapositiva23.png\" alt=\"Diapositiva23\" \/><\/figure><\/div><div class=\"swiper-slide\" role=\"group\" aria-roledescription=\"slide\" aria-label=\"4 of 14\"><figure class=\"swiper-slide-inner\"><img decoding=\"async\" class=\"swiper-slide-image\" src=\"https:\/\/ler.fica.unsl.edu.ar\/wp-content\/uploads\/2023\/09\/Diapositiva24.png\" alt=\"Diapositiva24\" \/><\/figure><\/div><div class=\"swiper-slide\" role=\"group\" aria-roledescription=\"slide\" aria-label=\"5 of 14\"><figure class=\"swiper-slide-inner\"><img decoding=\"async\" class=\"swiper-slide-image\" src=\"https:\/\/ler.fica.unsl.edu.ar\/wp-content\/uploads\/2023\/09\/Diapositiva10.png\" alt=\"Diapositiva10\" \/><\/figure><\/div><div class=\"swiper-slide\" role=\"group\" aria-roledescription=\"slide\" aria-label=\"6 of 14\"><figure class=\"swiper-slide-inner\"><img decoding=\"async\" class=\"swiper-slide-image\" src=\"https:\/\/ler.fica.unsl.edu.ar\/wp-content\/uploads\/2023\/09\/Diapositiva25.png\" alt=\"Diapositiva25\" \/><\/figure><\/div><div class=\"swiper-slide\" role=\"group\" aria-roledescription=\"slide\" aria-label=\"7 of 14\"><figure class=\"swiper-slide-inner\"><img decoding=\"async\" class=\"swiper-slide-image\" src=\"https:\/\/ler.fica.unsl.edu.ar\/wp-content\/uploads\/2023\/09\/Diapositiva3.png\" alt=\"Diapositiva3\" \/><\/figure><\/div><div class=\"swiper-slide\" role=\"group\" aria-roledescription=\"slide\" aria-label=\"8 of 14\"><figure class=\"swiper-slide-inner\"><img decoding=\"async\" class=\"swiper-slide-image\" src=\"https:\/\/ler.fica.unsl.edu.ar\/wp-content\/uploads\/2023\/09\/Diapositiva11.png\" alt=\"Diapositiva11\" \/><\/figure><\/div><div class=\"swiper-slide\" role=\"group\" aria-roledescription=\"slide\" aria-label=\"9 of 14\"><figure class=\"swiper-slide-inner\"><img decoding=\"async\" class=\"swiper-slide-image\" src=\"https:\/\/ler.fica.unsl.edu.ar\/wp-content\/uploads\/2023\/09\/Diapositiva13.png\" alt=\"Diapositiva13\" \/><\/figure><\/div><div class=\"swiper-slide\" role=\"group\" aria-roledescription=\"slide\" aria-label=\"10 of 14\"><figure class=\"swiper-slide-inner\"><img decoding=\"async\" class=\"swiper-slide-image\" src=\"https:\/\/ler.fica.unsl.edu.ar\/wp-content\/uploads\/2023\/09\/Diapositiva4.png\" alt=\"Diapositiva4\" \/><\/figure><\/div><div class=\"swiper-slide\" role=\"group\" aria-roledescription=\"slide\" aria-label=\"11 of 14\"><figure class=\"swiper-slide-inner\"><img decoding=\"async\" class=\"swiper-slide-image\" src=\"https:\/\/ler.fica.unsl.edu.ar\/wp-content\/uploads\/2023\/09\/Diapositiva5.png\" alt=\"Diapositiva5\" \/><\/figure><\/div><div class=\"swiper-slide\" role=\"group\" aria-roledescription=\"slide\" aria-label=\"12 of 14\"><figure class=\"swiper-slide-inner\"><img decoding=\"async\" class=\"swiper-slide-image\" src=\"https:\/\/ler.fica.unsl.edu.ar\/wp-content\/uploads\/2023\/09\/Diapositiva15.png\" alt=\"Diapositiva15\" \/><\/figure><\/div><div class=\"swiper-slide\" role=\"group\" aria-roledescription=\"slide\" aria-label=\"13 of 14\"><figure class=\"swiper-slide-inner\"><img decoding=\"async\" class=\"swiper-slide-image\" src=\"https:\/\/ler.fica.unsl.edu.ar\/wp-content\/uploads\/2023\/09\/Diapositiva17.png\" alt=\"Diapositiva17\" \/><\/figure><\/div><div class=\"swiper-slide\" role=\"group\" aria-roledescription=\"slide\" aria-label=\"14 of 14\"><figure class=\"swiper-slide-inner\"><img decoding=\"async\" class=\"swiper-slide-image\" src=\"https:\/\/ler.fica.unsl.edu.ar\/wp-content\/uploads\/2023\/09\/Diapositiva7.png\" alt=\"Diapositiva7\" \/><\/figure><\/div>\t\t\t<\/div>\n\t\t\t\t\t\t\t\t\t\t\t\t<div class=\"elementor-swiper-button elementor-swiper-button-prev\" role=\"button\" tabindex=\"0\">\n\t\t\t\t\t\t<i aria-hidden=\"true\" class=\"eicon-chevron-left\"><\/i>\t\t\t\t\t<\/div>\n\t\t\t\t\t<div class=\"elementor-swiper-button elementor-swiper-button-next\" role=\"button\" tabindex=\"0\">\n\t\t\t\t\t\t<i aria-hidden=\"true\" class=\"eicon-chevron-right\"><\/i>\t\t\t\t\t<\/div>\n\t\t\t\t\n\t\t\t\t\t\t\t\t\t<\/div>\n\t\t\t\t\t\t<\/div>\n\t\t\t\t<\/div>\n\t\t\t\t\t<\/div>\n\t\t<\/div>\n\t\t\t\t\t<\/div>\n\t\t<\/section>\n\t\t\t\t\t<\/div>\n\t\t<\/div>\n\t\t\t\t\t<\/div>\n\t\t<\/section>\n\t\t\t\t<section class=\"elementor-section elementor-top-section elementor-element elementor-element-b4e551b elementor-section-boxed elementor-section-height-default elementor-section-height-default\" data-id=\"b4e551b\" data-element_type=\"section\">\n\t\t\t\t\t\t<div class=\"elementor-container elementor-column-gap-default\">\n\t\t\t\t\t<div class=\"elementor-column elementor-col-33 elementor-top-column elementor-element elementor-element-3d2d713\" data-id=\"3d2d713\" data-element_type=\"column\">\n\t\t\t<div class=\"elementor-widget-wrap elementor-element-populated\">\n\t\t\t\t\t\t<div class=\"elementor-element elementor-element-b873a81 elementor-widget elementor-widget-image\" data-id=\"b873a81\" data-element_type=\"widget\" data-widget_type=\"image.default\">\n\t\t\t\t<div class=\"elementor-widget-container\">\n\t\t\t\t\t\t\t\t\t\t\t\t\t\t\t\t<a href=\"https:\/\/ler.fica.unsl.edu.ar\/index.php\/rem-fica\/\">\n\t\t\t\t\t\t\t<img fetchpriority=\"high\" decoding=\"async\" width=\"843\" height=\"474\" src=\"https:\/\/ler.fica.unsl.edu.ar\/wp-content\/uploads\/2023\/09\/Diapositiva22-1024x576.png\" class=\"elementor-animation-push attachment-large size-large wp-image-249\" alt=\"\" srcset=\"https:\/\/ler.fica.unsl.edu.ar\/wp-content\/uploads\/2023\/09\/Diapositiva22-1024x576.png 1024w, https:\/\/ler.fica.unsl.edu.ar\/wp-content\/uploads\/2023\/09\/Diapositiva22-300x169.png 300w, https:\/\/ler.fica.unsl.edu.ar\/wp-content\/uploads\/2023\/09\/Diapositiva22-768x432.png 768w, https:\/\/ler.fica.unsl.edu.ar\/wp-content\/uploads\/2023\/09\/Diapositiva22.png 1280w\" sizes=\"(max-width: 843px) 100vw, 843px\" \/>\t\t\t\t\t\t\t\t<\/a>\n\t\t\t\t\t\t\t\t\t\t\t\t\t\t\t<\/div>\n\t\t\t\t<\/div>\n\t\t\t\t\t<\/div>\n\t\t<\/div>\n\t\t\t\t<div class=\"elementor-column elementor-col-33 elementor-top-column elementor-element elementor-element-16c14d0\" data-id=\"16c14d0\" data-element_type=\"column\">\n\t\t\t<div class=\"elementor-widget-wrap elementor-element-populated\">\n\t\t\t\t\t\t<div class=\"elementor-element elementor-element-74e91a9 elementor-widget elementor-widget-image\" data-id=\"74e91a9\" data-element_type=\"widget\" data-widget_type=\"image.default\">\n\t\t\t\t<div class=\"elementor-widget-container\">\n\t\t\t\t\t\t\t\t\t\t\t\t\t\t\t\t<a href=\"https:\/\/ler.fica.unsl.edu.ar\/index.php\/datos-planta-de-destilacion-solar-fica\/\" target=\"_blank\">\n\t\t\t\t\t\t\t<img decoding=\"async\" width=\"843\" height=\"475\" src=\"https:\/\/ler.fica.unsl.edu.ar\/wp-content\/uploads\/2024\/12\/Plante-de-Destilacion-Solar-1024x577.jpg\" class=\"elementor-animation-push attachment-large size-large wp-image-454\" alt=\"\" srcset=\"https:\/\/ler.fica.unsl.edu.ar\/wp-content\/uploads\/2024\/12\/Plante-de-Destilacion-Solar-1024x577.jpg 1024w, https:\/\/ler.fica.unsl.edu.ar\/wp-content\/uploads\/2024\/12\/Plante-de-Destilacion-Solar-300x169.jpg 300w, https:\/\/ler.fica.unsl.edu.ar\/wp-content\/uploads\/2024\/12\/Plante-de-Destilacion-Solar-768x433.jpg 768w, https:\/\/ler.fica.unsl.edu.ar\/wp-content\/uploads\/2024\/12\/Plante-de-Destilacion-Solar-1536x865.jpg 1536w, https:\/\/ler.fica.unsl.edu.ar\/wp-content\/uploads\/2024\/12\/Plante-de-Destilacion-Solar-2048x1154.jpg 2048w\" sizes=\"(max-width: 843px) 100vw, 843px\" \/>\t\t\t\t\t\t\t\t<\/a>\n\t\t\t\t\t\t\t\t\t\t\t\t\t\t\t<\/div>\n\t\t\t\t<\/div>\n\t\t\t\t\t<\/div>\n\t\t<\/div>\n\t\t\t\t<div class=\"elementor-column elementor-col-33 elementor-top-column elementor-element elementor-element-bac540e\" data-id=\"bac540e\" data-element_type=\"column\">\n\t\t\t<div class=\"elementor-widget-wrap elementor-element-populated\">\n\t\t\t\t\t\t<div class=\"elementor-element elementor-element-a99c247 elementor-widget elementor-widget-image\" data-id=\"a99c247\" data-element_type=\"widget\" data-widget_type=\"image.default\">\n\t\t\t\t<div class=\"elementor-widget-container\">\n\t\t\t\t\t\t\t\t\t\t\t\t\t\t\t\t<a href=\"https:\/\/stationview.raspberryshake.org\/#\/?lat=-34.00611&#038;lon=-65.76391&#038;zoom=7.775&#038;net=AM&#038;sta=R279D\" target=\"_blank\">\n\t\t\t\t\t\t\t<img decoding=\"async\" width=\"843\" height=\"473\" src=\"https:\/\/ler.fica.unsl.edu.ar\/wp-content\/uploads\/2024\/12\/ES-FICA-1024x575.jpg\" class=\"elementor-animation-push attachment-large size-large wp-image-428\" alt=\"\" srcset=\"https:\/\/ler.fica.unsl.edu.ar\/wp-content\/uploads\/2024\/12\/ES-FICA-1024x575.jpg 1024w, https:\/\/ler.fica.unsl.edu.ar\/wp-content\/uploads\/2024\/12\/ES-FICA-300x169.jpg 300w, https:\/\/ler.fica.unsl.edu.ar\/wp-content\/uploads\/2024\/12\/ES-FICA-768x432.jpg 768w, https:\/\/ler.fica.unsl.edu.ar\/wp-content\/uploads\/2024\/12\/ES-FICA-1536x863.jpg 1536w, https:\/\/ler.fica.unsl.edu.ar\/wp-content\/uploads\/2024\/12\/ES-FICA-2048x1151.jpg 2048w\" sizes=\"(max-width: 843px) 100vw, 843px\" \/>\t\t\t\t\t\t\t\t<\/a>\n\t\t\t\t\t\t\t\t\t\t\t\t\t\t\t<\/div>\n\t\t\t\t<\/div>\n\t\t\t\t\t<\/div>\n\t\t<\/div>\n\t\t\t\t\t<\/div>\n\t\t<\/section>\n\t\t\t\t<section class=\"elementor-section elementor-top-section elementor-element elementor-element-77e456b elementor-section-boxed elementor-section-height-default elementor-section-height-default\" data-id=\"77e456b\" data-element_type=\"section\">\n\t\t\t\t\t\t<div class=\"elementor-container elementor-column-gap-default\">\n\t\t\t\t\t<div class=\"elementor-column elementor-col-100 elementor-top-column elementor-element elementor-element-315f3be\" data-id=\"315f3be\" data-element_type=\"column\">\n\t\t\t<div class=\"elementor-widget-wrap\">\n\t\t\t\t\t\t\t<\/div>\n\t\t<\/div>\n\t\t\t\t\t<\/div>\n\t\t<\/section>\n\t\t\t\t<\/div>\n\t\t","protected":false},"excerpt":{"rendered":"<p>Bienvenidos al sitio oficial del LER El Laboratorio de Energ\u00edas Renovables cuenta con una amplia gama de \u00e1reas de trabajo relacionadas a las energ\u00edas renovables,&hellip;<\/p>\n","protected":false},"author":1,"featured_media":0,"parent":0,"menu_order":0,"comment_status":"closed","ping_status":"closed","template":"","meta":{"footnotes":""},"class_list":["post-65","page","type-page","status-publish","hentry"],"_links":{"self":[{"href":"https:\/\/ler.fica.unsl.edu.ar\/index.php\/wp-json\/wp\/v2\/pages\/65","targetHints":{"allow":["GET"]}}],"collection":[{"href":"https:\/\/ler.fica.unsl.edu.ar\/index.php\/wp-json\/wp\/v2\/pages"}],"about":[{"href":"https:\/\/ler.fica.unsl.edu.ar\/index.php\/wp-json\/wp\/v2\/types\/page"}],"author":[{"embeddable":true,"href":"https:\/\/ler.fica.unsl.edu.ar\/index.php\/wp-json\/wp\/v2\/users\/1"}],"replies":[{"embeddable":true,"href":"https:\/\/ler.fica.unsl.edu.ar\/index.php\/wp-json\/wp\/v2\/comments?post=65"}],"version-history":[{"count":79,"href":"https:\/\/ler.fica.unsl.edu.ar\/index.php\/wp-json\/wp\/v2\/pages\/65\/revisions"}],"predecessor-version":[{"id":545,"href":"https:\/\/ler.fica.unsl.edu.ar\/index.php\/wp-json\/wp\/v2\/pages\/65\/revisions\/545"}],"wp:attachment":[{"href":"https:\/\/ler.fica.unsl.edu.ar\/index.php\/wp-json\/wp\/v2\/media?parent=65"}],"curies":[{"name":"wp","href":"https:\/\/api.w.org\/{rel}","templated":true}]}}